{"id":14624,"date":"2026-02-12T18:51:39","date_gmt":"2026-02-12T18:51:39","guid":{"rendered":"https:\/\/taipeirevista.com\/?page_id=14624"},"modified":"2026-02-12T18:51:41","modified_gmt":"2026-02-12T18:51:41","slug":"loop-podcast","status":"publish","type":"page","link":"https:\/\/taipeirevista.com\/index.php\/loop-podcast\/","title":{"rendered":"Loop Podcast"},"content":{"rendered":"\n<div class=\"wp-block-query is-layout-flow wp-block-query-is-layout-flow\"><ul class=\"columns-3 wp-block-post-template is-layout-grid wp-container-core-post-template-is-layout-2fc57c17 wp-block-post-template-is-layout-grid\"><li class=\"wp-block-post post-13133 post type-post status-publish format-standard has-post-thumbnail category-podcasts tag-emilio-bernini tag-kilometro-111 tag-taipei-podcast tag-tomas-binder\">\n\n<div class=\"wp-block-group\" style=\"padding-top:30px;padding-right:30px;padding-bottom:30px;padding-left:30px\"><div class=\"wp-block-group__inner-container is-layout-flow wp-block-group-is-layout-flow\"><h2 class=\"wp-block-post-title\"><a href=\"https:\/\/taipeirevista.com\/index.php\/2025\/10\/08\/continente-critico-9-emilio-bernini-y-tomas-binder-kilometro-111\/\" target=\"_self\" >Continente cr\u00edtico #9: Emilio Bernini y Tom\u00e1s Binder (Kil\u00f3metro 111)<\/a><\/h2>\n\n<div class=\"wp-block-post-excerpt\"><p class=\"wp-block-post-excerpt__excerpt\">Novena entrega de Continente cr\u00edtico, un podcast de Taipei. Kil\u00f3metro 111 naci\u00f3 en el a\u00f1o 2000 y se public\u00f3 con regularidad hasta el 2020, con un particular formato de revista-libro in\u00e9dito hasta ese momento en la cr\u00edtica argentina. Durante esos veinte a\u00f1os se publicaron trece n\u00fameros simples y dos n\u00fameros dobles. Desde sus inicios, Kil\u00f3metro&hellip; <\/p><\/div>\n\n<div class=\"wp-block-post-date\"><time datetime=\"2025-10-08T18:49:34+00:00\">octubre 8, 2025<\/time><\/div><\/div><\/div>\n\n<\/li><li class=\"wp-block-post post-13024 post type-post status-publish format-standard has-post-thumbnail category-podcasts tag-candelaria-carreno tag-karina-solorzano tag-la-rabia tag-taipei-podcast\">\n\n<div class=\"wp-block-group\" style=\"padding-top:30px;padding-right:30px;padding-bottom:30px;padding-left:30px\"><div class=\"wp-block-group__inner-container is-layout-flow wp-block-group-is-layout-flow\"><h2 class=\"wp-block-post-title\"><a href=\"https:\/\/taipeirevista.com\/index.php\/2025\/10\/01\/continente-critico-8-karina-solorzano-y-candelaria-carreno-la-rabia\/\" target=\"_self\" >Continente cr\u00edtico #8: Karina Sol\u00f3rzano y Candelaria Carre\u00f1o (La rabia)<\/a><\/h2>\n\n<div class=\"wp-block-post-excerpt\"><p class=\"wp-block-post-excerpt__excerpt\">Octava entrega de Continente cr\u00edtico, un podcast de Taipei. La rabia, autodefinido como un \u201cespacio de cr\u00edtica feminista de cine\u201d, naci\u00f3 en el a\u00f1o 2021. A diferencia de otros proyectos que entrevistamos en Continente cr\u00edtico, tiene una marcada proyecci\u00f3n latinoamericana(&#8230;) <\/p><\/div>\n\n<div class=\"wp-block-post-date\"><time datetime=\"2025-10-01T14:17:17+00:00\">octubre 1, 2025<\/time><\/div><\/div><\/div>\n\n<\/li><li class=\"wp-block-post post-12956 post type-post status-publish format-standard has-post-thumbnail category-podcasts tag-continente-critico tag-estado-de-vigilia tag-juan-recuero tag-pietro-calace tag-uruguay\">\n\n<div class=\"wp-block-group\" style=\"padding-top:30px;padding-right:30px;padding-bottom:30px;padding-left:30px\"><div class=\"wp-block-group__inner-container is-layout-flow wp-block-group-is-layout-flow\"><h2 class=\"wp-block-post-title\"><a href=\"https:\/\/taipeirevista.com\/index.php\/2025\/09\/24\/continente-critico-7-juan-recuero-y-pietro-calace-estado-de-vigilia\/\" target=\"_self\" >Continente cr\u00edtico #7: Juan Recuero y Pietro Calace (Estado de Vigilia)<\/a><\/h2>\n\n<div class=\"wp-block-post-excerpt\"><p class=\"wp-block-post-excerpt__excerpt\">S\u00e9ptima entrega de Continente cr\u00edtico, un podcast de Taipei. La revista &#8220;Estado de Vigilia&#8221; nace a fines de 2024 como el proyecto de un grupo de cin\u00e9filos y cr\u00edticos de Uruguay; un \u00e1mbito propio en el cual expresar ideas y preocupaciones que, hasta el momento, volcaban en otros espacios. Como se\u00f1alan en su manifiesto fundacional:&hellip; <\/p><\/div>\n\n<div class=\"wp-block-post-date\"><time datetime=\"2025-09-24T12:17:23+00:00\">septiembre 24, 2025<\/time><\/div><\/div><\/div>\n\n<\/li><li class=\"wp-block-post post-12905 post type-post status-publish format-standard has-post-thumbnail category-podcasts tag-continente-critico tag-julia-scrive-loyer tag-republica-dominicana tag-simulacro-mag tag-taipei-podcast\">\n\n<div class=\"wp-block-group\" style=\"padding-top:30px;padding-right:30px;padding-bottom:30px;padding-left:30px\"><div class=\"wp-block-group__inner-container is-layout-flow wp-block-group-is-layout-flow\"><h2 class=\"wp-block-post-title\"><a href=\"https:\/\/taipeirevista.com\/index.php\/2025\/09\/17\/continente-critico-6-julia-scrive-loyer-simulacro-mag\/\" target=\"_self\" >Continente cr\u00edtico #6: Julia Scrive-Loyer (Simulacro Mag)<\/a><\/h2>\n\n<div class=\"wp-block-post-excerpt\"><p class=\"wp-block-post-excerpt__excerpt\">Sexta entrega de Continente cr\u00edtico, un podcast de Taipei. &#8220;Simulacro Mag&#8221; es una revista con sede en Rep\u00fablica Dominicana que cont\u00f3 con doce n\u00fameros publicados entre inicios de 2019 y fines de 2020. Cada n\u00famero, dise\u00f1ado con el cl\u00e1sico formato de una revista y publicado en modalidad online, cuenta con portadas a cargo de distintos&hellip; <\/p><\/div>\n\n<div class=\"wp-block-post-date\"><time datetime=\"2025-09-17T13:31:30+00:00\">septiembre 17, 2025<\/time><\/div><\/div><\/div>\n\n<\/li><\/ul><\/div>\n","protected":false},"excerpt":{"rendered":"","protected":false},"author":1,"featured_media":0,"parent":0,"menu_order":0,"comment_status":"closed","ping_status":"closed","template":"","meta":{"footnotes":""},"class_list":["post-14624","page","type-page","status-publish"],"yoast_head":"<!-- This site is optimized with the Yoast SEO plugin v27.4 - https:\/\/yoast.com\/product\/yoast-seo-wordpress\/ -->\n<title>Loop Podcast - TAIPEI<\/title>\n<meta name=\"robots\" content=\"index, follow, max-snippet:-1, max-image-preview:large, max-video-preview:-1\" \/>\n<link rel=\"canonical\" href=\"https:\/\/taipeirevista.com\/index.php\/loop-podcast\/\" \/>\n<meta property=\"og:locale\" content=\"es_ES\" \/>\n<meta property=\"og:type\" content=\"article\" \/>\n<meta property=\"og:title\" content=\"Loop Podcast - TAIPEI\" \/>\n<meta property=\"og:url\" content=\"https:\/\/taipeirevista.com\/index.php\/loop-podcast\/\" \/>\n<meta property=\"og:site_name\" content=\"TAIPEI\" \/>\n<meta property=\"article:publisher\" content=\"https:\/\/www.facebook.com\/revistataipei\" \/>\n<meta property=\"article:modified_time\" content=\"2026-02-12T18:51:41+00:00\" \/>\n<meta name=\"twitter:card\" content=\"summary_large_image\" \/>\n<meta name=\"twitter:site\" content=\"@taipeicritica\" \/>\n<script type=\"application\/ld+json\" class=\"yoast-schema-graph\">{\"@context\":\"https:\\\/\\\/schema.org\",\"@graph\":[{\"@type\":\"WebPage\",\"@id\":\"https:\\\/\\\/taipeirevista.com\\\/index.php\\\/loop-podcast\\\/\",\"url\":\"https:\\\/\\\/taipeirevista.com\\\/index.php\\\/loop-podcast\\\/\",\"name\":\"Loop Podcast - TAIPEI\",\"isPartOf\":{\"@id\":\"https:\\\/\\\/taipeirevista.com\\\/#website\"},\"datePublished\":\"2026-02-12T18:51:39+00:00\",\"dateModified\":\"2026-02-12T18:51:41+00:00\",\"breadcrumb\":{\"@id\":\"https:\\\/\\\/taipeirevista.com\\\/index.php\\\/loop-podcast\\\/#breadcrumb\"},\"inLanguage\":\"es-AR\",\"potentialAction\":[{\"@type\":\"ReadAction\",\"target\":[\"https:\\\/\\\/taipeirevista.com\\\/index.php\\\/loop-podcast\\\/\"]}]},{\"@type\":\"BreadcrumbList\",\"@id\":\"https:\\\/\\\/taipeirevista.com\\\/index.php\\\/loop-podcast\\\/#breadcrumb\",\"itemListElement\":[{\"@type\":\"ListItem\",\"position\":1,\"name\":\"Inicio\",\"item\":\"https:\\\/\\\/taipeirevista.com\\\/\"},{\"@type\":\"ListItem\",\"position\":2,\"name\":\"Loop Podcast\"}]},{\"@type\":\"WebSite\",\"@id\":\"https:\\\/\\\/taipeirevista.com\\\/#website\",\"url\":\"https:\\\/\\\/taipeirevista.com\\\/\",\"name\":\"TAIPEI\",\"description\":\"Cr\u00edtica de cine\",\"publisher\":{\"@id\":\"https:\\\/\\\/taipeirevista.com\\\/#organization\"},\"potentialAction\":[{\"@type\":\"SearchAction\",\"target\":{\"@type\":\"EntryPoint\",\"urlTemplate\":\"https:\\\/\\\/taipeirevista.com\\\/?s={search_term_string}\"},\"query-input\":{\"@type\":\"PropertyValueSpecification\",\"valueRequired\":true,\"valueName\":\"search_term_string\"}}],\"inLanguage\":\"es-AR\"},{\"@type\":\"Organization\",\"@id\":\"https:\\\/\\\/taipeirevista.com\\\/#organization\",\"name\":\"Taipei \\\/ Cr\u00edtica de cine\",\"url\":\"https:\\\/\\\/taipeirevista.com\\\/\",\"logo\":{\"@type\":\"ImageObject\",\"inLanguage\":\"es-AR\",\"@id\":\"https:\\\/\\\/taipeirevista.com\\\/#\\\/schema\\\/logo\\\/image\\\/\",\"url\":\"https:\\\/\\\/taipeirevista.com\\\/wp-content\\\/uploads\\\/2022\\\/08\\\/TAIPEI-LOGO-1.1-SIN-GRIS.png\",\"contentUrl\":\"https:\\\/\\\/taipeirevista.com\\\/wp-content\\\/uploads\\\/2022\\\/08\\\/TAIPEI-LOGO-1.1-SIN-GRIS.png\",\"width\":599,\"height\":599,\"caption\":\"Taipei \\\/ Cr\u00edtica de cine\"},\"image\":{\"@id\":\"https:\\\/\\\/taipeirevista.com\\\/#\\\/schema\\\/logo\\\/image\\\/\"},\"sameAs\":[\"https:\\\/\\\/www.facebook.com\\\/revistataipei\",\"https:\\\/\\\/x.com\\\/taipeicritica\",\"https:\\\/\\\/www.instagram.com\\\/taipeicritica\\\/\"]}]}<\/script>\n<!-- \/ Yoast SEO plugin. -->","yoast_head_json":{"title":"Loop Podcast - TAIPEI","robots":{"index":"index","follow":"follow","max-snippet":"max-snippet:-1","max-image-preview":"max-image-preview:large","max-video-preview":"max-video-preview:-1"},"canonical":"https:\/\/taipeirevista.com\/index.php\/loop-podcast\/","og_locale":"es_ES","og_type":"article","og_title":"Loop Podcast - TAIPEI","og_url":"https:\/\/taipeirevista.com\/index.php\/loop-podcast\/","og_site_name":"TAIPEI","article_publisher":"https:\/\/www.facebook.com\/revistataipei","article_modified_time":"2026-02-12T18:51:41+00:00","twitter_card":"summary_large_image","twitter_site":"@taipeicritica","schema":{"@context":"https:\/\/schema.org","@graph":[{"@type":"WebPage","@id":"https:\/\/taipeirevista.com\/index.php\/loop-podcast\/","url":"https:\/\/taipeirevista.com\/index.php\/loop-podcast\/","name":"Loop Podcast - TAIPEI","isPartOf":{"@id":"https:\/\/taipeirevista.com\/#website"},"datePublished":"2026-02-12T18:51:39+00:00","dateModified":"2026-02-12T18:51:41+00:00","breadcrumb":{"@id":"https:\/\/taipeirevista.com\/index.php\/loop-podcast\/#breadcrumb"},"inLanguage":"es-AR","potentialAction":[{"@type":"ReadAction","target":["https:\/\/taipeirevista.com\/index.php\/loop-podcast\/"]}]},{"@type":"BreadcrumbList","@id":"https:\/\/taipeirevista.com\/index.php\/loop-podcast\/#breadcrumb","itemListElement":[{"@type":"ListItem","position":1,"name":"Inicio","item":"https:\/\/taipeirevista.com\/"},{"@type":"ListItem","position":2,"name":"Loop Podcast"}]},{"@type":"WebSite","@id":"https:\/\/taipeirevista.com\/#website","url":"https:\/\/taipeirevista.com\/","name":"TAIPEI","description":"Cr\u00edtica de cine","publisher":{"@id":"https:\/\/taipeirevista.com\/#organization"},"potentialAction":[{"@type":"SearchAction","target":{"@type":"EntryPoint","urlTemplate":"https:\/\/taipeirevista.com\/?s={search_term_string}"},"query-input":{"@type":"PropertyValueSpecification","valueRequired":true,"valueName":"search_term_string"}}],"inLanguage":"es-AR"},{"@type":"Organization","@id":"https:\/\/taipeirevista.com\/#organization","name":"Taipei \/ Cr\u00edtica de cine","url":"https:\/\/taipeirevista.com\/","logo":{"@type":"ImageObject","inLanguage":"es-AR","@id":"https:\/\/taipeirevista.com\/#\/schema\/logo\/image\/","url":"https:\/\/taipeirevista.com\/wp-content\/uploads\/2022\/08\/TAIPEI-LOGO-1.1-SIN-GRIS.png","contentUrl":"https:\/\/taipeirevista.com\/wp-content\/uploads\/2022\/08\/TAIPEI-LOGO-1.1-SIN-GRIS.png","width":599,"height":599,"caption":"Taipei \/ Cr\u00edtica de cine"},"image":{"@id":"https:\/\/taipeirevista.com\/#\/schema\/logo\/image\/"},"sameAs":["https:\/\/www.facebook.com\/revistataipei","https:\/\/x.com\/taipeicritica","https:\/\/www.instagram.com\/taipeicritica\/"]}]}},"jetpack_sharing_enabled":true,"_links":{"self":[{"href":"https:\/\/taipeirevista.com\/index.php\/wp-json\/wp\/v2\/pages\/14624","targetHints":{"allow":["GET"]}}],"collection":[{"href":"https:\/\/taipeirevista.com\/index.php\/wp-json\/wp\/v2\/pages"}],"about":[{"href":"https:\/\/taipeirevista.com\/index.php\/wp-json\/wp\/v2\/types\/page"}],"author":[{"embeddable":true,"href":"https:\/\/taipeirevista.com\/index.php\/wp-json\/wp\/v2\/users\/1"}],"replies":[{"embeddable":true,"href":"https:\/\/taipeirevista.com\/index.php\/wp-json\/wp\/v2\/comments?post=14624"}],"version-history":[{"count":1,"href":"https:\/\/taipeirevista.com\/index.php\/wp-json\/wp\/v2\/pages\/14624\/revisions"}],"predecessor-version":[{"id":14625,"href":"https:\/\/taipeirevista.com\/index.php\/wp-json\/wp\/v2\/pages\/14624\/revisions\/14625"}],"wp:attachment":[{"href":"https:\/\/taipeirevista.com\/index.php\/wp-json\/wp\/v2\/media?parent=14624"}],"curies":[{"name":"wp","href":"https:\/\/api.w.org\/{rel}","templated":true}]}}